{"id":296,"date":"2021-02-11T10:54:24","date_gmt":"2021-02-11T09:54:24","guid":{"rendered":"https:\/\/idealnyrodzicnieistnieje.jdmsite.com\/informacja-o-ciasteczkach\/"},"modified":"2021-05-17T13:03:21","modified_gmt":"2021-05-17T11:03:21","slug":"informations-sur-les-cookies","status":"publish","type":"page","link":"https:\/\/idealnyrodzicnieistnieje.jdmsite.com\/fr\/informations-sur-les-cookies\/","title":{"rendered":"Informations sur les cookies"},"content":{"rendered":"\n<p>Politique en mati\u00e8re de cookies<\/p>\n\n\n\n<p>En utilisant le site web, l\u2019utilisateur accepte l\u2019utilisation de cookies d\u2019une mani\u00e8re conforme \u00e0 la description de la pr\u00e9sente \u00ab Politique en mati\u00e8re de cookies \u00bb. L\u2019acceptation des cookies est une condition d\u2019utilisation du site web. Toutefois, si l\u2019utilisateur d\u00e9sactive l\u2019utilisation des cookies, notre site web ne fonctionnera que sur la base de fonctions limit\u00e9es.<\/p>\n\n\n\n<p>Le concept de \u00ab cookies \u00bb et leur objectif<\/p>\n\n\n\n<p>Par \u00ab cookies \u00bb, il faut entendre les donn\u00e9es informatiques, en particulier les fichiers texte, stock\u00e9es sur l\u2019\u00e9quipement terminal des utilisateurs (g\u00e9n\u00e9ralement sur le disque dur de l\u2019ordinateur ou sur un appareil mobile) dans le but de sauvegarder certains param\u00e8tres et donn\u00e9es par le navigateur de l\u2019utilisateur afin d\u2019utiliser les sites web. Ces fichiers permettent de reconna\u00eetre l\u2019appareil de l\u2019utilisateur et d\u2019afficher le site web en cons\u00e9quence, ce qui garantit un confort maximal lors de l\u2019utilisation. Le stockage de \u00ab cookies \u00bb vous permet donc de pr\u00e9parer correctement le site web et l\u2019offre en fonction de vos pr\u00e9f\u00e9rences \u2013 le serveur vous reconna\u00eet et m\u00e9morise vos pr\u00e9f\u00e9rences telles que : visites, clics, actions pr\u00e9c\u00e9dentes.<\/p>\n\n\n\n<p>\u00ab Les cookies contiennent notamment le nom de domaine du site web d\u2019o\u00f9 ils proviennent, l\u2019heure \u00e0 laquelle ils sont stock\u00e9s sur un terminal et un num\u00e9ro unique servant \u00e0 identifier le navigateur \u00e0 partir duquel le site web est connect\u00e9.<\/p>\n\n\n\n<p>Les cookies sont utilis\u00e9s aux fins suivantes :<\/p>\n\n\n\n<p>pour adapter le contenu du site \u00e0 vos pr\u00e9f\u00e9rences et optimisez votre utilisation des pages web,<\/p>\n\n\n\n<p>pour maintenir la session de l\u2019utilisateur du site web (apr\u00e8s s\u2019\u00eatre connect\u00e9), ce qui permet d\u2019\u00e9viter de devoir se connecter \u00e0 nouveau \u00e0 chaque sous-page du site web,<\/p>\n\n\n\n<p>pour cr\u00e9er des statistiques anonymes qui contribuent \u00e0 am\u00e9liorer la structure et le contenu des sites web en aidant \u00e0 d\u00e9terminer comment l\u2019utilisateur les utilise,<\/p>\n\n\n\n<p>pour fournir aux utilisateurs du site web un contenu publicitaire adapt\u00e9 \u00e0 leurs int\u00e9r\u00eats.<\/p>\n\n\n\n<p>Types de cookies utilis\u00e9s<\/p>\n\n\n\n<p>La division de base des \u00ab cookies \u00bb consiste \u00e0 les distinguer les uns des autres :<\/p>\n\n\n\n<p>Les cookies persistants sont stock\u00e9s sur l\u2019appareil de l\u2019utilisateur pendant une p\u00e9riode de temps sp\u00e9cifi\u00e9e dans les param\u00e8tres des cookies ou jusqu\u2019\u00e0 ce qu\u2019ils soient supprim\u00e9s manuellement par l\u2019utilisateur.<\/p>\n\n\n\n<p>Les cookies temporaires (cookies de session) sont des fichiers temporaires, supprim\u00e9s automatiquement apr\u00e8s la d\u00e9connexion du site web ou la fermeture de la fen\u00eatre du navigateur.<\/p>\n\n\n\n<p>La division d\u00e9taill\u00e9e des \u00ab cookies \u00bb est une distinction entre eux :<\/p>\n\n\n\n<p>Les fichiers \u00ab cookies \u00bb se distinguent par leur n\u00e9cessit\u00e9 pour fournir le service (y compris les fichiers absolument n\u00e9cessaires \u2013 absolument n\u00e9cessaires pour le bon fonctionnement du site web ou de ses fonctions et les fichiers fonctionnels \u2013 sans eux le site web fonctionnera parfaitement, cependant, il sera impossible de l\u2019adapter aux pr\u00e9f\u00e9rences de l\u2019utilisateur)<\/p>\n\n\n\n<p>Les fichiers de \u00ab cookies \u00bb sont distingu\u00e9s selon leur origine (y compris les cookies de premi\u00e8re partie \u2013 cookies plac\u00e9s directement par le propri\u00e9taire du site web qui a \u00e9t\u00e9 visit\u00e9 et les cookies de tiers \u2013 cookies plac\u00e9s par des entit\u00e9s externes dont les composants du site web ont \u00e9t\u00e9 appel\u00e9s par le propri\u00e9taire du site web.<\/p>\n\n\n\n<p>Les fichiers \u00ab\u00a0cookies\u00a0\u00bb se distinguent par leur objectif ( y compris les fichiers utilis\u00e9s pour la configuration, la s\u00e9curit\u00e9 et la fiabilit\u00e9 du site web, l&rsquo;authentification, la publicit\u00e9 ou l&rsquo;adaptation des informations affich\u00e9es \u00e0 la localisation de l&rsquo;utilisateur).<\/p>\n\n\n\n<p>Donn\u00e9es personnelles<\/p>\n\n\n\n<p>\u00ab\u00a0Les cookies\u00a0\u00bb, afin d&rsquo;adapter le contenu des sites web aux pr\u00e9f\u00e9rences de l&rsquo;utilisateur, ne signifient en principe pas la collecte d&rsquo;informations permettant d&rsquo;identifier les personnes, bien que ces informations puissent parfois \u00eatre personnelles, c&rsquo;est-\u00e0-dire des donn\u00e9es permettant d&rsquo;attribuer certains comportements \u00e0 un utilisateur sp\u00e9cifique.<\/p>\n\n\n\n<p>Les donn\u00e9es personnelles recueillies \u00e0 l\u2019aide de cookies ne peuvent \u00eatre collect\u00e9es que dans le but d\u2019ex\u00e9cuter certaines fonctions pour l\u2019utilisateur. Ces donn\u00e9es sont crypt\u00e9es de mani\u00e8re \u00e0 en emp\u00eacher l\u2019acc\u00e8s par des personnes non autoris\u00e9es.<\/p>\n\n\n\n<p>Modifier les param\u00e8tres des cookies et les supprimer<\/p>\n\n\n\n<p>Les cookies utilis\u00e9s par ce site web ne sont pas nuisibles \u00e0 l\u2019utilisateur ou \u00e0 l\u2019appareil de l\u2019utilisateur final. Pour que le site web fonctionne correctement, il est donc recommand\u00e9 de ne pas les d\u00e9sactiver dans les navigateurs.<\/p>\n\n\n\n<p>Dans de nombreux cas, le logiciel utilis\u00e9 pour naviguer sur les pages web (navigateur web) par d\u00e9faut vous permet de stocker des informations sous forme de \u00ab cookies \u00bb et autres technologies similaires dans votre \u00e9quipement terminal. L\u2019utilisateur peut \u00e0 tout moment modifier l\u2019utilisation des \u00ab cookies \u00bb par le navigateur. Pour ce faire, les param\u00e8tres du navigateur doivent \u00eatre modifi\u00e9s. La mani\u00e8re de modifier les param\u00e8tres varie en fonction du logiciel utilis\u00e9 (navigateur web).<\/p>\n\n\n\n<p>Des informations d\u00e9taill\u00e9es sur la gestion des cookies sur un t\u00e9l\u00e9phone portable ou un autre appareil mobile doivent figurer dans le manuel de l\u2019appareil mobile.<\/p>\n\n\n\n<p>NOUS SOMMES IMPORTANTS<\/p>\n\n\n\n<p>Si vous avez d\u00e9j\u00e0 vol\u00e9 en avion, vous savez qu\u2019avant chaque vol, l\u2019\u00e9quipage, en expliquant les r\u00e8gles de s\u00e9curit\u00e9, indique clairement l\u2019ordre d\u2019urgence et la n\u00e9cessit\u00e9 d\u2019utiliser des masques \u00e0 oxyg\u00e8ne. Pour \u00eatre plus pr\u00e9cis, lorsque nous volons avec un enfant, nous devons d\u2019abord mettre le masque \u00e0 oxyg\u00e8ne pour nous ( !) et ensuite seulement pour l\u2019enfant, car c\u2019est la seule fa\u00e7on de nous assurer que nous restons conscients en cas de besoin.<\/p>\n\n\n\n<p>&nbsp;Pour certains, il s\u2019agit simplement d\u2019une r\u00e8gle de s\u00e9curit\u00e9 a\u00e9rienne. Pour moi, c\u2019est la base de la parentalit\u00e9.<\/p>\n\n\n\n<p>&nbsp;R\u00c9SERVOIR DES BESOINS<\/p>\n\n\n\n<p>&nbsp;Chacun de nous, les humains, \u00e0 un soi-disant r\u00e9servoir de besoins. Des personnes diff\u00e9rentes utilisent des noms diff\u00e9rents. J\u2019ai entendu parler de tasses, de pichets ou de bocaux, mais le fait est que chacun d\u2019entre nous a un r\u00e9servoir de besoins. Plus ils sont pleins, plus nous sommes heureux et combl\u00e9s, mais lorsqu\u2019ils sont vides, nous nous sentons de plus en plus mal. Parfois, nous pouvons les remplir nous-m\u00eames, et parfois nous avons besoin de quelqu\u2019un pour nous aider lorsque nous sommes dans une situation si difficile que nous ne pouvons pas y faire face seuls. Lorsque nous sommes enfants, nous pouvons avoir besoin de l\u2019aide des autres un peu plus souvent jusqu\u2019\u00e0 ce que nous apprenions \u00e0 remplir notre r\u00e9servoir par nous-m\u00eames.<\/p>\n\n\n\n<p>&nbsp; NOUS SOMMES IMPORTANTS<\/p>\n\n\n\n<p>Mais ce qui est extr\u00eamement important, c\u2019est que si un parent utilise les derni\u00e8res r\u00e9serves et a une p\u00e9nurie de besoins fondamentaux, est stress\u00e9, occup\u00e9, \u00e0 peu de temps et beaucoup de nerfs, il ne pourra pas aider l\u2019enfant lorsqu\u2019il rencontrera un probl\u00e8me et viendra demander de l\u2019aide au parent. Le parent peut m\u00eame faire en sorte que les deux r\u00e9servoirs se vident encore plus vite, c\u2019est pourquoi il est si important de s\u2019occuper de ses propres besoins autant que de sa propre s\u00e9curit\u00e9 dans l\u2019avion.<\/p>\n\n\n\n<p>&nbsp;Sans cela, nous ne pouvons pas nous occuper correctement de nos enfants dans les deux cas.<\/p>\n\n\n\n<p>Nous ne pouvons pas aider nos enfants avec leurs \u00e9motions et les guider \u00e0 travers un moment difficile pour eux lorsque nous nous sentons d\u00e9pass\u00e9s et hors de contr\u00f4le. Prendre soin de soi n\u2019est pas seulement bon, c\u2019est absolument essentiel pour notre sant\u00e9, notre bien-\u00eatre et notre bonheur et ceux de nos enfants.<\/p>\n\n\n\n<p>L. R. Knost<\/p>\n\n\n\n<p>PARENTS D\u2019ENFANTS<\/p>\n\n\n\n<p>Je voudrais aussi m\u2019adresser \u00e0 tous les p\u00e8res qui lisent ce livre tout de suite :<\/p>\n\n\n\n<p>&nbsp;Ne vous laissez pas persuader \u00e0 aucun moment de votre vie que vous n\u2019\u00eates pas apte \u00e0 \u00e9lever des enfants, que votre m\u00e8re le fera mieux, parce qu\u2019elle a les pr\u00e9dispositions, le talent ou les capacit\u00e9s inn\u00e9es n\u00e9cessaires, et que votre p\u00e8re doit rester \u00e0 l\u2019\u00e9cart et se contenter de regarder, parce qu\u2019il ne sait pas, est maladroit, etc.<\/p>\n\n\n\n<p>Je me rends compte que toute cette parentalit\u00e9 peut para\u00eetre un peu effrayante au d\u00e9but (pas seulement pour les p\u00e8res, en tout cas), mais \u00e0 part l\u2019allaitement, on peut vraiment bien faire avec tout le reste. Si vous avez peur, demandez de l\u2019aide \u00e0 vos partenaires et dites que vous n\u2019acceptez pas un refus.<\/p>\n","protected":false},"excerpt":{"rendered":"<p>Politique en mati\u00e8re de cookies En utilisant le site web, l\u2019utilisateur accepte l\u2019utilisation de cookies d\u2019une mani\u00e8re conforme \u00e0 la description de la pr\u00e9sente \u00ab Politique en mati\u00e8re de cookies \u00bb. L\u2019acceptation des cookies est une condition d\u2019utilisation du site web. Toutefois, si l\u2019utilisateur d\u00e9sactive l\u2019utilisation des cookies, notre site web ne fonctionnera que sur&hellip;&nbsp;<a href=\"https:\/\/idealnyrodzicnieistnieje.jdmsite.com\/fr\/informations-sur-les-cookies\/\" class=\"\" rel=\"bookmark\">Lire la suite &raquo;<span class=\"screen-reader-text\">Informations sur les cookies<\/span><\/a><\/p>\n","protected":false},"author":2,"featured_media":0,"parent":0,"menu_order":0,"comment_status":"closed","ping_status":"closed","template":"","meta":{"neve_meta_sidebar":"full-width","neve_meta_container":"","neve_meta_enable_content_width":"on","neve_meta_content_width":100,"neve_meta_title_alignment":"","neve_meta_author_avatar":"","neve_post_elements_order":"","neve_meta_disable_header":"","neve_meta_disable_footer":"","neve_meta_disable_title":""},"_links":{"self":[{"href":"https:\/\/idealnyrodzicnieistnieje.jdmsite.com\/fr\/wp-json\/wp\/v2\/pages\/296"}],"collection":[{"href":"https:\/\/idealnyrodzicnieistnieje.jdmsite.com\/fr\/wp-json\/wp\/v2\/pages"}],"about":[{"href":"https:\/\/idealnyrodzicnieistnieje.jdmsite.com\/fr\/wp-json\/wp\/v2\/types\/page"}],"author":[{"embeddable":true,"href":"https:\/\/idealnyrodzicnieistnieje.jdmsite.com\/fr\/wp-json\/wp\/v2\/users\/2"}],"replies":[{"embeddable":true,"href":"https:\/\/idealnyrodzicnieistnieje.jdmsite.com\/fr\/wp-json\/wp\/v2\/comments?post=296"}],"version-history":[{"count":2,"href":"https:\/\/idealnyrodzicnieistnieje.jdmsite.com\/fr\/wp-json\/wp\/v2\/pages\/296\/revisions"}],"predecessor-version":[{"id":441,"href":"https:\/\/idealnyrodzicnieistnieje.jdmsite.com\/fr\/wp-json\/wp\/v2\/pages\/296\/revisions\/441"}],"wp:attachment":[{"href":"https:\/\/idealnyrodzicnieistnieje.jdmsite.com\/fr\/wp-json\/wp\/v2\/media?parent=296"}],"curies":[{"name":"wp","href":"https:\/\/api.w.org\/{rel}","templated":true}]}}