{"id":294,"date":"2021-02-05T08:19:43","date_gmt":"2021-02-05T07:19:43","guid":{"rendered":"https:\/\/idealnyrodzicnieistnieje.jdmsite.com\/polityka-prywatnosci-2\/"},"modified":"2021-05-17T13:02:09","modified_gmt":"2021-05-17T11:02:09","slug":"politique-de-confidentialite","status":"publish","type":"page","link":"https:\/\/idealnyrodzicnieistnieje.jdmsite.com\/fr\/politique-de-confidentialite\/","title":{"rendered":"Politique de confidentialit\u00e9 sur le site web leparentparfaitnexistepas.com"},"content":{"rendered":"\n<p>Le propri\u00e9taire et l&rsquo;administrateur du service Idealrodzicniedznienie.pl est P. H. U. Kamil Nowak, au 45 Podwale , NIP 5472075396, REGON 242900383.<\/p>\n\n\n\n<p>La protection de la vie priv\u00e9e sur Internet est une question tr\u00e8s importante pour Idealrodzicnienienienie.pl, c&rsquo;est pourquoi elle <strong>garantit la s\u00e9curit\u00e9 de vos donn\u00e9es fournies<\/strong> lors de l&rsquo;utilisation du site Internet Idealrodzicnienienie.pl, notamment lors de la passation de commandes.<\/p>\n\n\n\n<p>Nous respectons particuli\u00e8rement la vie priv\u00e9e de tous ceux qui visitent nos sites web. Toute information recueillie \u00e0 votre sujet sera utilis\u00e9e pour ex\u00e9cuter le service que vous avez command\u00e9 et pour am\u00e9liorer nos services. Nous atteignons ces objectifs par une utilisation et une protection appropri\u00e9es des informations.<\/p>\n\n\n\n<p>Nous donnons aux utilisateurs de notre service la possibilit\u00e9 de choisir s&rsquo;ils veulent utiliser nos services et dans quelle mesure et de partager des informations sur eux-m\u00eames.<\/p>\n\n\n\n<p>Nous assurons la s\u00e9curit\u00e9 des donn\u00e9es personnelles de nos utilisateurs en appliquant les mesures de protection physiques, organisationnelles et mat\u00e9rielles n\u00e9cessaires pour garantir la s\u00e9curit\u00e9 des donn\u00e9es personnelles trait\u00e9es. Nous fournissons des mesures techniques pour emp\u00eacher l&rsquo;acquisition et la modification par des personnes non autoris\u00e9es de donn\u00e9es personnelles envoy\u00e9es par voie \u00e9lectronique.<\/p>\n\n\n\n<p>Pourquoi traitons-nous vos donn\u00e9es personnelles ?<\/p>\n\n\n\n<p>Nous traitons vos donn\u00e9es personnelles parce qu&rsquo;elles sont n\u00e9cessaires \u00e0 l&rsquo;ex\u00e9cution du contrat conclu avec vous, y compris pour:<\/p>\n\n\n\n<ul><li>pour conclure un accord ;<\/li><li>l&rsquo;exp\u00e9dition des produits que vous avez command\u00e9s ;<\/li><li>traiter les plaintes et les retours ;<\/li><li>traiter vos demandes et requ\u00eates que vous nous adressez ;<\/li><li>la gestion de la s\u00e9curit\u00e9 des transactions ;<\/li><li>fournir le meilleur service \u00e0 la client\u00e8le.<\/li><\/ul>\n\n\n\n<p>Nous traitons \u00e9galement vos donn\u00e9es personnelles aux fins indiqu\u00e9es ci-dessous, sur la base de l&rsquo;int\u00e9r\u00eat l\u00e9gitime de Idealrodzicniedznienienie.pl, ce qui est le cas :<\/p>\n\n\n\n<ul><li>la fourniture de services de paiement,<\/li><li>recouvrement de cr\u00e9ances ; conduite de proc\u00e9dures judiciaires, d&rsquo;arbitrage et de m\u00e9diation,<\/li><li>Veiller au respect de la l\u00e9gislation fiscale et comptable,<\/li><li>assurer la s\u00e9curit\u00e9 des transactions, y compris la pr\u00e9vention des infractions,<\/li><li>effectuer des analyses statistiques,<\/li><li>le stockage des donn\u00e9es \u00e0 des fins d&rsquo;archivage, et la garantie de la responsabilit\u00e9 (d\u00e9montrer le respect des obligations l\u00e9gales),<\/li><li>organisation de concours, d&rsquo;actions promotionnelles, de programmes de fid\u00e9lisation et de partenariat.<\/li><\/ul>\n\n\n\n<p>Votre consentement au traitement de vos donn\u00e9es personnelles nous permettra de traiter vos donn\u00e9es personnelles \u00e0 cette fin :<\/p>\n\n\n\n<ul><li>l&rsquo;enregistrement de donn\u00e9es dans des cookies, la collecte de donn\u00e9es \u00e0 partir de sites web et d&rsquo;applications mobiles ;<\/li><li>l&rsquo;organisation d&rsquo;activit\u00e9s promotionnelles et de concours ;<\/li><li>vous envoyer des informations sous la forme d&rsquo;une lettre d&rsquo;information.<\/li><\/ul>\n\n\n\n<p>Vous pouvez retirer votre consentement au traitement de vos donn\u00e9es personnelles \u00e0 tout moment, d&rsquo;une mani\u00e8re aussi simple que vous l&rsquo;avez exprim\u00e9. Vous pouvez \u00e9galement contacter Idealrodzicnieistnieje.pl par tout moyen de communication. Vos donn\u00e9es seront trait\u00e9es par Idealrodzicniedznienienie.pl jusqu&rsquo;\u00e0 ce que vous retiriez votre consentement.<\/p>\n\n\n\n<p>Pourquoi avons-nous besoin de vos informations personnelles ?<\/p>\n\n\n\n<p>Nous avons besoin de vos informations personnelles afin de pouvoir conclure et ex\u00e9cuter le contrat avec vous et ainsi nous permettre de le faire :<\/p>\n\n\n\n<ul><li>pour vous contacter directement ;<\/li><li>pour vous tenir inform\u00e9 de l&rsquo;\u00e9tat d&rsquo;avancement de votre commande ;<\/li><li>pour vous informer sur l&rsquo;exp\u00e9dition de votre commande ;<\/li><li>pour vous tenir inform\u00e9 du d\u00e9roulement de la proc\u00e9dure de r\u00e9clamation, du service de retour ;<\/li><\/ul>\n\n\n\n<p>Pour cela, nous aurons besoin de votre adresse \u00e9lectronique, de votre adresse et de votre num\u00e9ro de t\u00e9l\u00e9phone.<\/p>\n\n\n\n<p>Vos droits sur le site Idealrodzicnienienie.pl en ce qui concerne les donn\u00e9es trait\u00e9es ?<\/p>\n\n\n\n<p>Idealrodzicnienie.pl garantit le respect de tous vos droits en vertu du r\u00e8glement g\u00e9n\u00e9ral sur la protection des donn\u00e9es<\/p>\n\n\n\n<ul><li>droit d&rsquo;acc\u00e8s, de rectification et de suppression de vos donn\u00e9es &#8211; si vos donn\u00e9es sont incorrectes ou incompl\u00e8tes ou ne sont pas n\u00e9cessaires pour Idealrodzicnienie.pl ou si vous retirez votre consentement au traitement ;<\/li><li>le droit de limiter leur traitement de vos donn\u00e9es &#8211; pour le temps de clarification, de correction, d&rsquo;objection &#8211; nous ne supprimerons pas vos donn\u00e9es, mais nous limiterons seulement leur traitement ;<\/li><li>le droit de les transf\u00e9rer ;<\/li><li>le droit de s&rsquo;opposer au traitement de vos donn\u00e9es personnelles ;<\/li><li>le droit de d\u00e9poser une plainte aupr\u00e8s de l&rsquo;autorit\u00e9 de contr\u00f4le en rapport avec le traitement de vos donn\u00e9es personnelles &#8211; le pr\u00e9sident de l&rsquo;Office de protection des donn\u00e9es personnelles.<\/li><\/ul>\n\n\n\n<p>Vous pouvez vous opposer \u00e0 tout moment au traitement de vos donn\u00e9es \u00e0 des fins de marketing direct si ce traitement est dans l&rsquo;int\u00e9r\u00eat l\u00e9gitime du responsable du traitement.<\/p>\n\n\n\n<p>Fourniture de vos donn\u00e9es personnelles<\/p>\n\n\n\n<p>Nous accordons une attention particuli\u00e8re \u00e0 la s\u00e9curit\u00e9 de vos donn\u00e9es personnelles, en veillant \u00e0 ce que vos donn\u00e9es soient en s\u00e9curit\u00e9. N\u00e9anmoins, pour votre confort, nous utilisons de nombreuses solutions techniques modernes et fonctionnelles, qui vous permettent de faire vos achats confortablement et nous vous offrons un service client\u00e8le ad\u00e9quat. Y compris certaines de vos donn\u00e9es personnelles que nous mettons \u00e0 la disposition des entit\u00e9s de paiement, des entit\u00e9s soutenant les services postaux, de messagerie, de logistique, d&rsquo;audit et de conseil, les promotions commerciales, ainsi que les autorit\u00e9s publiques charg\u00e9es des poursuites pour fraude et criminalit\u00e9 et du contr\u00f4le fiscal.<\/p>\n\n\n\n<p>Combien de temps conservons-nous vos donn\u00e9es personnelles ?<\/p>\n\n\n\n<p>Nous ne conservons vos donn\u00e9es personnelles que pendant la dur\u00e9e n\u00e9cessaire \u00e0 la bonne qualit\u00e9 du service et, selon le mode et la finalit\u00e9 de leur obtention, nous les stockons :<\/p>\n\n\n\n<ol><li>Conclusion d&rsquo;un contrat &#8211; pour la dur\u00e9e du contrat et apr\u00e8s sa r\u00e9siliation pour les besoins :<ol><li>pour poursuivre les r\u00e9clamations li\u00e9es au contrat ex\u00e9cut\u00e9 ;<\/li><li>remplir les obligations d\u00e9coulant des r\u00e9glementations l\u00e9gales, y compris notamment les r\u00e9glementations fiscales et comptables ;<\/li><li>pour pr\u00e9venir les abus ou la criminalit\u00e9 ;<\/li><li>les documents statistiques et d&rsquo;archives.<\/li><\/ol><\/li><li>Activit\u00e9s de marketing &#8211; pour la dur\u00e9e du contrat, accorder un consentement distinct au traitement de ces donn\u00e9es &#8211; jusqu&rsquo;\u00e0 ce que les activit\u00e9s li\u00e9es au traitement de la transaction soient termin\u00e9es, vous vous opposez \u00e0 ce traitement ou retirez votre consentement.<\/li><li>Les activit\u00e9s apr\u00e8s-vente et promotionnelles &#8211; par exemple les concours, les actions promotionnelles &#8211; pour la dur\u00e9e et le r\u00e8glement de ces actions.<\/li><li>Activit\u00e9s op\u00e9rationnelles &#8211; jusqu&rsquo;\u00e0 ce que les obligations impos\u00e9es par le r\u00e8glement TCO et la l\u00e9gislation nationale pertinente pour d\u00e9montrer l&rsquo;\u00e9quit\u00e9 dans le traitement des donn\u00e9es \u00e0 caract\u00e8re personnel soient interdites.<\/li><\/ol>\n\n\n\n<p><\/p>\n","protected":false},"excerpt":{"rendered":"<p>Le propri\u00e9taire et l&rsquo;administrateur du service Idealrodzicniedznienie.pl est P. H. U. Kamil Nowak, au 45 Podwale , NIP 5472075396, REGON 242900383. La protection de la vie priv\u00e9e sur Internet est une question tr\u00e8s importante pour Idealrodzicnienienienie.pl, c&rsquo;est pourquoi elle garantit la s\u00e9curit\u00e9 de vos donn\u00e9es fournies lors de l&rsquo;utilisation du site Internet Idealrodzicnienienie.pl, notamment lors&hellip;&nbsp;<a href=\"https:\/\/idealnyrodzicnieistnieje.jdmsite.com\/fr\/politique-de-confidentialite\/\" class=\"\" rel=\"bookmark\">Lire la suite &raquo;<span class=\"screen-reader-text\">Politique de confidentialit\u00e9 sur le site web leparentparfaitnexistepas.com<\/span><\/a><\/p>\n","protected":false},"author":2,"featured_media":0,"parent":0,"menu_order":0,"comment_status":"closed","ping_status":"open","template":"","meta":{"neve_meta_sidebar":"","neve_meta_container":"","neve_meta_enable_content_width":"","neve_meta_content_width":0,"neve_meta_title_alignment":"","neve_meta_author_avatar":"","neve_post_elements_order":"","neve_meta_disable_header":"","neve_meta_disable_footer":"","neve_meta_disable_title":""},"_links":{"self":[{"href":"https:\/\/idealnyrodzicnieistnieje.jdmsite.com\/fr\/wp-json\/wp\/v2\/pages\/294"}],"collection":[{"href":"https:\/\/idealnyrodzicnieistnieje.jdmsite.com\/fr\/wp-json\/wp\/v2\/pages"}],"about":[{"href":"https:\/\/idealnyrodzicnieistnieje.jdmsite.com\/fr\/wp-json\/wp\/v2\/types\/page"}],"author":[{"embeddable":true,"href":"https:\/\/idealnyrodzicnieistnieje.jdmsite.com\/fr\/wp-json\/wp\/v2\/users\/2"}],"replies":[{"embeddable":true,"href":"https:\/\/idealnyrodzicnieistnieje.jdmsite.com\/fr\/wp-json\/wp\/v2\/comments?post=294"}],"version-history":[{"count":4,"href":"https:\/\/idealnyrodzicnieistnieje.jdmsite.com\/fr\/wp-json\/wp\/v2\/pages\/294\/revisions"}],"predecessor-version":[{"id":440,"href":"https:\/\/idealnyrodzicnieistnieje.jdmsite.com\/fr\/wp-json\/wp\/v2\/pages\/294\/revisions\/440"}],"wp:attachment":[{"href":"https:\/\/idealnyrodzicnieistnieje.jdmsite.com\/fr\/wp-json\/wp\/v2\/media?parent=294"}],"curies":[{"name":"wp","href":"https:\/\/api.w.org\/{rel}","templated":true}]}}