{"id":315,"date":"2021-02-11T10:54:24","date_gmt":"2021-02-11T09:54:24","guid":{"rendered":"https:\/\/idealnyrodzicnieistnieje.jdmsite.com\/informacja-o-ciasteczkach\/"},"modified":"2021-05-14T09:34:54","modified_gmt":"2021-05-14T07:34:54","slug":"informationen-uber-cookies","status":"publish","type":"page","link":"https:\/\/idealnyrodzicnieistnieje.jdmsite.com\/de\/informationen-uber-cookies\/","title":{"rendered":"Informationen \u00fcber Cookies"},"content":{"rendered":"\n<p>Cookie-Richtlinie<\/p>\n\n\n\n<p>Durch die Nutzung der Webseite stimmt der Benutzer der Verwendung von Cookies in einer Weise zu, die mit der Beschreibung in dieser \u201eCookie-Richtlinie\u201c \u00fcbereinstimmt. Die Annahme von Cookies ist eine Bedingung f\u00fcr die Nutzung der Webseite. Wenn der Benutzer die Verwendung von Cookies deaktiviert, funktioniert unsere Webseite nur auf der Grundlage eingeschr\u00e4nkter Funktionen.<\/p>\n\n\n\n<p>Das Konzept der \u201eCookies\u201c und ihr Zweck<\/p>\n\n\n\n<p>Unter \u201eCookies\u201c sind IT-Daten, insbesondere Textdateien, zu verstehen, die auf den Endger\u00e4ten der Benutzer (in der Regel auf der Festplatte des Computers oder auf dem mobilen Ger\u00e4t) mit dem Ziel gespeichert werden, bestimmte Einstellungen und Daten durch den Browser des Benutzers zu speichern, um die Webseites nutzen zu k\u00f6nnen. Diese Dateien erm\u00f6glichen es, das Ger\u00e4t des Benutzers zu erkennen und die Webseite entsprechend anzuzeigen, wodurch ein maximaler Komfort bei der Benutzung gew\u00e4hrleistet wird. Die Speicherung von \u201eCookies\u201c erm\u00f6glicht es, die Webseite und das Angebot auf die Pr\u00e4ferenzen des Benutzers richtig vorzubereiten \u2013 der Server erkennt den Benutzer und merkt sich die Pr\u00e4ferenzen wie: Besuche, Klicks, fr\u00fchere Aktionen.<\/p>\n\n\n\n<p>\u201eCookies\u201c enthalten insbesondere den Domain-Namen der Webseite, von der sie stammen, die Zeit, zu der sie auf einem Endger\u00e4t gespeichert werden, und eine eindeutige Nummer zur Identifizierung des Browsers, \u00fcber den der Benutzer die Webseite aufruft.<\/p>\n\n\n\n<p>Cookies-Dateienwerden Cookies verwendet, um:<\/p>\n\n\n\n<p>&#8211; den Inhalt von Webseites an die Pr\u00e4ferenzen des Benutzers anzupassen und die Nutzung der Webseiten zu optimieren,<\/p>\n\n\n\n<p>&#8211; die &nbsp;Sitzung des Webseite-Benutzers (nach dem Einloggen) aufrechtzuerhalten, was es erm\u00f6glicht, sich nicht auf jeder Unterseite der Webseite erneut einloggen zu m\u00fcssen,<\/p>\n\n\n\n<p>&#8211; anonyme Statistiken zu erstellen, die dazu beitragen, die Struktur und den Inhalt von Webseites zu verbessern, indem sie dabei helfen, festzustellen, wie der Benutzer sie nutzt,<\/p>\n\n\n\n<p>&#8211; den Webseite-Benutzern auf ihre Interessen zugeschnittene Werbeinhalte zur Verf\u00fcgung stellen.<\/p>\n\n\n\n<p>Arten der verwendeten Cookies-Dateien<\/p>\n\n\n\n<p>Die grundlegende Einteilung der \u201eCookies\u201c ist ihre Unterscheidung in:<\/p>\n\n\n\n<p>1. Persistente Cookies (Persistent cookies) werden auf dem Ger\u00e4t des Benutzers f\u00fcr eine in den Parametern von Cookies festgelegte Zeitspanne oder bis zu ihrer manuellen L\u00f6schung durch den Benutzer gespeichert.<\/p>\n\n\n\n<p>2. Tempor\u00e4re Cookies (Session cookies) sind tempor\u00e4re Dateien, die nach dem Ausloggen aus der Webseite oder dem Schlie\u00dfen des Browser-Fensters automatisch gel\u00f6scht werden.<\/p>\n\n\n\n<p>Die detaillierte Einteilung der \u201eCookies\u201c ist unterscheidet si\u0119 in:<\/p>\n\n\n\n<p>1. \u201eCookies\u201c-Dateien, die sich dadurch auszeichnen, dass sie f\u00fcr die Bereitstellung des Dienstes notwendig sind (einschlie\u00dflich der notwendigen Dateien \u2013 absolut notwendig f\u00fcr das ordnungsgem\u00e4\u00dfe Funktionieren der Webseite oder ihrer Funktionen und Funktionsdateien \u2013 ohne sie wird die Webseite voll funktionsf\u00e4hig funktionieren, es wird jedoch unm\u00f6glich sein, sie an die Pr\u00e4ferenzen des Benutzers anzupassen)<\/p>\n\n\n\n<p>2. \u201eCookies\u201c-Dateien werden nach ihrer Herkunft unterschieden (einschlie\u00dflich eigener Dateien \u201eFirst Party Cookies\u201c \u2013 Cookies, die direkt vom Eigent\u00fcmer der besuchten Webseite platziert werden, und \u201eThird Party Cookies\u201c \u2013 Cookies, die von externen Tr\u00e4ger platziert wurden, deren Webseite-Komponenten vom Eigent\u00fcmer der Webseite aufgerufen werden.<\/p>\n\n\n\n<p>3. \u201eCookies\u201c-Dateien werden nach ihrem Zweck unterschieden (einschlie\u00dflich Dateien, die zur Konfiguration, Sicherheit und Zuverl\u00e4ssigkeit der Webseite, Authentifizierung, Werbung oder Anpassung der angezeigten Informationen an den Standort des Benutzers verwendet werden).<\/p>\n\n\n\n<p>Pers\u00f6nliche Daten<\/p>\n\n\n\n<p>1. Die Verwendung von \u201eCookies\u201c zur Anpassung des Inhalts von Webseiten an die Pr\u00e4ferenzen des Benutzers bedeutet in der Regel nicht, dass irgendwelche Informationen zur Identifizierung des Benutzers gesammelt werden, obwohl diese Informationen manchmal pers\u00f6nlich sein k\u00f6nnen, d.h. Daten, die es erm\u00f6glichen, bestimmte Verhaltensweisen einem bestimmten Benutzer zuzuordnen.<\/p>\n\n\n\n<p>2. Personenbezogene Daten, die mit Hilfe von Cookies gesammelt werden, d\u00fcrfen nur zum Zweck der Erf\u00fcllung bestimmter Funktionen f\u00fcr den Benutzer. Solche Daten werden so verschl\u00fcsselt, dass der Zugriff durch Unbefugte verhindert wird.<\/p>\n\n\n\n<p>\u00c4nderungder Einstellungen f\u00fcr Cookies und den L\u00f6schung<\/p>\n\n\n\n<p>1. Die von dieser Webseite verwendeten Cookies sind weder f\u00fcr den Benutzer noch f\u00fcr das Ger\u00e4t des Endbenutzers sch\u00e4dlich. Damit die Webseite einwandfrei funktioniert, wird daher empfohlen, Cookies in den Browsern nicht zu deaktivieren.<\/p>\n\n\n\n<p>2. In vielen F\u00e4llen erlaubt die zum Surfen im Internet verwendete Software (Webbrowser) standardm\u00e4\u00dfig die Speicherung von Informationen in Form von \u201eCookies\u201c und anderen \u00e4hnlichen Technologien auf dem Endger\u00e4t des Benutzers. Der Benutzer kann die Verwendung von \u201eCookies\u201c durch den Browser jederzeit \u00e4ndern. Dazu m\u00fcssen die Browsereinstellungen ge\u00e4ndert werden. Die Methode zum \u00c4ndern der &nbsp;ist je nach &nbsp;verwendeter Software (Webbrowser) unterschiedlich<\/p>\n\n\n\n<p>3. Detaillierte Informationen \u00fcber die Verwaltung von Cookies auf einem Mobiltelefon oder einem anderen mobilen Ger\u00e4t sollten im Handbuch des mobilen Ger\u00e4ts enthalten sein.<\/p>\n","protected":false},"excerpt":{"rendered":"<p>Cookie-Richtlinie Durch die Nutzung der Webseite stimmt der Benutzer der Verwendung von Cookies in einer Weise zu, die mit der Beschreibung in dieser \u201eCookie-Richtlinie\u201c \u00fcbereinstimmt. Die Annahme von Cookies ist eine Bedingung f\u00fcr die Nutzung der Webseite. Wenn der Benutzer die Verwendung von Cookies deaktiviert, funktioniert unsere Webseite nur auf der Grundlage eingeschr\u00e4nkter Funktionen. Das&hellip;&nbsp;<a href=\"https:\/\/idealnyrodzicnieistnieje.jdmsite.com\/de\/informationen-uber-cookies\/\" class=\"\" rel=\"bookmark\">Weiterlesen &raquo;<span class=\"screen-reader-text\">Informationen \u00fcber Cookies<\/span><\/a><\/p>\n","protected":false},"author":2,"featured_media":0,"parent":0,"menu_order":0,"comment_status":"closed","ping_status":"closed","template":"","meta":{"neve_meta_sidebar":"full-width","neve_meta_container":"","neve_meta_enable_content_width":"on","neve_meta_content_width":100,"neve_meta_title_alignment":"","neve_meta_author_avatar":"","neve_post_elements_order":"","neve_meta_disable_header":"","neve_meta_disable_footer":"","neve_meta_disable_title":""},"_links":{"self":[{"href":"https:\/\/idealnyrodzicnieistnieje.jdmsite.com\/de\/wp-json\/wp\/v2\/pages\/315"}],"collection":[{"href":"https:\/\/idealnyrodzicnieistnieje.jdmsite.com\/de\/wp-json\/wp\/v2\/pages"}],"about":[{"href":"https:\/\/idealnyrodzicnieistnieje.jdmsite.com\/de\/wp-json\/wp\/v2\/types\/page"}],"author":[{"embeddable":true,"href":"https:\/\/idealnyrodzicnieistnieje.jdmsite.com\/de\/wp-json\/wp\/v2\/users\/2"}],"replies":[{"embeddable":true,"href":"https:\/\/idealnyrodzicnieistnieje.jdmsite.com\/de\/wp-json\/wp\/v2\/comments?post=315"}],"version-history":[{"count":2,"href":"https:\/\/idealnyrodzicnieistnieje.jdmsite.com\/de\/wp-json\/wp\/v2\/pages\/315\/revisions"}],"predecessor-version":[{"id":369,"href":"https:\/\/idealnyrodzicnieistnieje.jdmsite.com\/de\/wp-json\/wp\/v2\/pages\/315\/revisions\/369"}],"wp:attachment":[{"href":"https:\/\/idealnyrodzicnieistnieje.jdmsite.com\/de\/wp-json\/wp\/v2\/media?parent=315"}],"curies":[{"name":"wp","href":"https:\/\/api.w.org\/{rel}","templated":true}]}}