{"id":313,"date":"2021-02-05T08:19:43","date_gmt":"2021-02-05T07:19:43","guid":{"rendered":"https:\/\/idealnyrodzicnieistnieje.jdmsite.com\/polityka-prywatnosci-2\/"},"modified":"2021-05-14T09:33:51","modified_gmt":"2021-05-14T07:33:51","slug":"datenschutzerklarung","status":"publish","type":"page","link":"https:\/\/idealnyrodzicnieistnieje.jdmsite.com\/de\/datenschutzerklarung\/","title":{"rendered":"Datenschutzerkl\u00e4rung auf der Webseite elternseinweitwegvomideal.com"},"content":{"rendered":"\n<p>Der Eigent\u00fcmer und Administrator \u00a0des Dienstes elternseinweitwegvomideal.com ist Wydawnictwo Book Ojciec sp. z o.o., ul. Gazownicza 21A, 43-300 Bielsko-Bia\u0142a, NIP 5472215199, REGON 384621380.<\/p>\n\n\n\n<p>Der Schutz der Privatsph\u00e4re im Internet ist f\u00fcr elternseinweitwegvomideal.com ein sehr wichtiges Thema, deshalb garantiert der Administrator die Sicherheit Ihrer Daten, die Sie bei der Nutzung der Webseite elternseinweitwegvomideal.com, insbesondere bei Bestellungen, angeben.<\/p>\n\n\n\n<p>Wir respektieren &nbsp;die Privatsph\u00e4re aller Personen, die unsere Webseites besuchen. Alle \u00fcber Sie gesammelten Informationen werden verwendet, um die von Ihnen bestellte Dienstleistung auszuf\u00fchren und die Qualit\u00e4t unserer Dienstleistungen zu verbessern. Wir erreichen die oben genannten Ziele durch den angemessenen Gebrauch und Schutz von Informationen.<\/p>\n\n\n\n<p>Wir geben den Benutzern unseres Dienstes die M\u00f6glichkeit zu w\u00e4hlen, ob und in welchem Umfang sie unsere Dienste nutzen und Informationen \u00fcber sich selbst weitergeben m\u00f6chten.<\/p>\n\n\n\n<p>Wir gew\u00e4hrleisten die Sicherheit der pers\u00f6nlichen Daten unserer Benutzer, indem wir physische, organisatorische und ausr\u00fcstungsbezogene Schutzma\u00dfnahmen anwenden, die zur Gew\u00e4hrleistung der Sicherheit der verarbeiteten pers\u00f6nlichen Daten erforderlich sind. Wir stellen technische Ma\u00dfnahmen bereit, um zu verhindern, dass Unbefugte personenbezogene Daten, die auf elektronischem Wege \u00fcbermittelt werden, erfassen und \u00e4ndern.<\/p>\n\n\n\n<p>Warum verarbeiten wir Ihre pers\u00f6nlichen Daten?<\/p>\n\n\n\n<p>Wir verarbeiten Ihre personenbezogenen Daten, weil sie zur Erf\u00fcllung des mit Ihnen abgeschlossenen Vertrages notwendig sind, unter anderem um<\/p>\n\n\n\n<p>Transaktionenabzuschlie\u00dfen;<\/p>\n\n\n\n<p>die von Ihnen bestellten Produkte zu versenden;<\/p>\n\n\n\n<p>Beschwerden und R\u00fccksendungen zu bearbeiten;<\/p>\n\n\n\n<p>Ihre Anfragen und W\u00fcnsche, die Sie an uns richten zu bearbeiten;<\/p>\n\n\n\n<p>die Transaktionssicherheit zu verwalten;<\/p>\n\n\n\n<p>den besten Kundenservice zu bieten.<\/p>\n\n\n\n<p>Wir verarbeiten Ihre pers\u00f6nlichen Daten auch f\u00fcr die unten angegebenen Zwecke, auf der Grundlage des berechtigten Interesses von elternseinweitwegvomideal.com, das es ist:<\/p>\n\n\n\n<p>Bereitstellung von Zahlungsdiensten,<\/p>\n\n\n\n<p>Schuldeneintreibung; Durchf\u00fchrung von Gerichts-, Schieds- und Mediationsverfahren,<\/p>\n\n\n\n<p>Gew\u00e4hrleistung der ordnungsgem\u00e4\u00dfen Einhaltung der Steuer- und Rechnungslegungsvorschriften,<\/p>\n\n\n\n<p>Gew\u00e4hrleistung der Sicherheit von Transaktionen, einschlie\u00dflich der Verhinderung von Straftaten,<\/p>\n\n\n\n<p>Durchf\u00fchrung statistischer Analysen,<\/p>\n\n\n\n<p>Speicherung von Daten zu Archivierungszwecken und Gew\u00e4hrleistung der Rechenschaftspflicht (Nachweis der Einhaltung rechtlicher Verpflichtungen),<\/p>\n\n\n\n<p>Organisation von Wettbewerben, Werbeaktionen, Loyalit\u00e4ts- und Partnerschaftsprogrammen.<\/p>\n\n\n\n<p>Ihre Einwilligung zur Verarbeitung Ihrer pers\u00f6nlichen Daten erm\u00f6glicht es uns, Ihre pers\u00f6nlichen Daten zu diesem Zweck zu verarbeiten, um:<\/p>\n\n\n\n<p>&nbsp;Cookie-Dateien zu speichern, Daten von Webseites und mobilen Apps zu sammeln;<\/p>\n\n\n\n<p>Werbeaktionen und Wettbewerbe zu organisieren;<\/p>\n\n\n\n<p>Ihnen Informationen in Form eines Newsletters zu senden.<\/p>\n\n\n\n<p>Sie k\u00f6nnen Ihre Einwilligung zur Verarbeitung Ihrer pers\u00f6nlichen Daten jederzeit auf so einfache Weise, wie Sie sie gegeben haben, widerrufen. Sie k\u00f6nnen sich auch \u00fcber jedes Kommunikationsmittel an elternseinweitwegvomideal.com wenden. Ihre Daten werden von elternseinweitwegvomideal.com verarbeitet, bis Sie Ihre Einwilligung widerrufen.<\/p>\n\n\n\n<p>Warum brauchen wir Ihre pers\u00f6nlichen Informationen?<\/p>\n\n\n\n<p>Wir ben\u00f6tigen Ihre pers\u00f6nlichen Daten, um den Vertrag mit Ihnen abzuschlie\u00dfen und zu erf\u00fcllen. &nbsp;Ihre Daten erm\u00f6glichen es uns au\u00dferdem:<\/p>\n\n\n\n<p>Sie direkt zu kontaktieren;<\/p>\n\n\n\n<p>Sie \u00fcber den Fortschritt Ihrer Bestellung auf dem Laufenden zu informieren;<\/p>\n\n\n\n<p>Sie \u00fcber den Versand Ihrer Bestellung auf dem Laufenden zu informieren;<\/p>\n\n\n\n<p>Sie\u00fcber den Verlauf des Beschwerdeverfahrens und die Bearbeitung der R\u00fccksendung zu informieren;<\/p>\n\n\n\n<p>Dazu ben\u00f6tigen wir Ihre E-Mail-Adresse, Adresse und Telefonnummer.<\/p>\n\n\n\n<p>Ihre Rechte gegen\u00fcber elternseinweitwegvomideal.com in Bezug auf die verarbeiteten Daten?<\/p>\n\n\n\n<p>elternseinweitwegvomideal.com garantiert die Erf\u00fcllung aller Ihrer Rechte nach der &nbsp;Datenschutz-Grundverordnung, d.h.<\/p>\n\n\n\n<p>&#8211; das Recht auf Zugang, Berichtigung und L\u00f6schung Ihrer Daten \u2013 wenn Ihre Daten unrichtig oder unvollst\u00e4ndig sind oder f\u00fcr elternseinweitwegvomideal.com nicht notwendig sind oder Sie Ihre Einwilligung zur Verarbeitung widerrufen;<\/p>\n\n\n\n<p>&#8211; das Recht auf die Einschr\u00e4nkung ihrer Verarbeitung \u2013 f\u00fcr die Zeit der Kl\u00e4rung, Berichtigung, des Widerspruchs \u2013 werden wir Ihre Daten nicht l\u00f6schen, sondern nur ihre Verarbeitung einschr\u00e4nken;<\/p>\n\n\n\n<p>&#8211; das Recht auf ihre \u00dcbertragung;<\/p>\n\n\n\n<p>&#8211; das Recht auf den Widerspruch gegen die Verarbeitung Ihrer pers\u00f6nlichen Daten;<\/p>\n\n\n\n<p>&#8211; das Recht auf die Einreichung einer Beschwerde bei der Aufsichtsbeh\u00f6rde im Zusammenhang mit der Verarbeitung Ihrer pers\u00f6nlichen Daten \u2013 beim Pr\u00e4sidenten des Amtes f\u00fcr den Schutz personenbezogener Daten.<\/p>\n\n\n\n<p>Sie k\u00f6nnen der Verarbeitung Ihrer Daten zu Direktmarketingzwecken jederzeit widersprechen, wenn die Verarbeitung im berechtigten Interesse des &nbsp;Verantwortlichen erfolgt.<\/p>\n\n\n\n<p>Weitergabe Ihrer pers\u00f6nlichen Daten<\/p>\n\n\n\n<p>Wir k\u00fcmmern uns besonders um die Sicherheit Ihrer pers\u00f6nlichen Daten und sorgen daf\u00fcr, dass Ihre Daten sicher sind. Nichtsdestotrotz verwenden wir zu Ihrer Bequemlichkeit viele moderne und funktionelle technische L\u00f6sungen, die Ihnen ein bequemes Einkaufen erm\u00f6glichen und die uns &nbsp;einen angemessenen Kundenservice bieten. Einige Ihrer pers\u00f6nlichen Daten stellen wir Zahlungsunternehmen, Unternehmen, die &nbsp;Post-, Kurier-, Logistik-, Wirtschaftspr\u00fcfungs- und Beratungsdiensten und Marketingwerbung unterst\u00fctzen sowie Beh\u00f6rden, die sich mit der Betrugs- und Verbrechensverfolgung und der Finanzkontrolle befassen, zur Verf\u00fcgung.<\/p>\n\n\n\n<p>Wie lange bewahren wir Ihre pers\u00f6nlichen Daten auf?<\/p>\n\n\n\n<p>Wir speichern Ihre pers\u00f6nlichen Daten nicht l\u00e4nger, als es f\u00fcr die ordnungsgem\u00e4\u00dfe Qualit\u00e4t der Dienstleistung erforderlich ist, und je nach Art und Zweck der Erfassung speichern wir sie:<\/p>\n\n\n\n<p>1. Abschluss eines Vertrages \u2013 f\u00fcr die Dauer des Vertrages und nach dessen &nbsp;Beendigung:<\/p>\n\n\n\n<p>&#8211; um Anspr\u00fcche im Zusammenhang mit dem ausgef\u00fchrten Vertrag geltend zu machen;<\/p>\n\n\n\n<p>&#8211; um die Verpflichtungen zu erf\u00fcllen, die sich aus den Rechtsvorschriften ergeben, insbesondere aus den Steuer- und Buchf\u00fchrungsvorschriften;<\/p>\n\n\n\n<p>&#8211; um Missbrauch oder Verbrechen zu verhindern;<\/p>\n\n\n\n<p>&#8211; f\u00fcr statistische und archivarische Zwecke.<\/p>\n\n\n\n<p>2. Marketingaktivit\u00e4ten \u2013 f\u00fcr die Dauer des Vertrags, wobei eine gesonderte Einwilligung zur Verarbeitung solcher Daten erteilt wird \u2013 bis zum Abschluss der Aktivit\u00e4ten, die mit der Abwicklung der Transaktion, Ihrem Widerspruch gegen diese Verarbeitung oder dem Widerruf der Einwilligung zusammenh\u00e4ngen.<\/p>\n\n\n\n<p>3. Pro-Verk\u00e4ufe und Werbeaktivit\u00e4ten \u2013 wie Wettbewerbe, Werbeaktionen \u2013 f\u00fcr die Dauer und Abwicklung solcher Aktivit\u00e4ten.<\/p>\n\n\n\n<p>4. Operative Aktivit\u00e4ten \u2013 bis die Verpflichtungen, die durch die DSGVO-Verordnung und die einschl\u00e4gigen nationalen Rechtsvorschriften, um die Zuverl\u00e4ssigkeit &nbsp;der Verarbeitung personenbezogener Daten nachzuweisen, verj\u00e4hrt sind.<\/p>\n","protected":false},"excerpt":{"rendered":"<p>Der Eigent\u00fcmer und Administrator \u00a0des Dienstes elternseinweitwegvomideal.com ist Wydawnictwo Book Ojciec sp. z o.o., ul. Gazownicza 21A, 43-300 Bielsko-Bia\u0142a, NIP 5472215199, REGON 384621380. Der Schutz der Privatsph\u00e4re im Internet ist f\u00fcr elternseinweitwegvomideal.com ein sehr wichtiges Thema, deshalb garantiert der Administrator die Sicherheit Ihrer Daten, die Sie bei der Nutzung der Webseite elternseinweitwegvomideal.com, insbesondere bei Bestellungen,&hellip;&nbsp;<a href=\"https:\/\/idealnyrodzicnieistnieje.jdmsite.com\/de\/datenschutzerklarung\/\" class=\"\" rel=\"bookmark\">Weiterlesen &raquo;<span class=\"screen-reader-text\">Datenschutzerkl\u00e4rung auf der Webseite elternseinweitwegvomideal.com<\/span><\/a><\/p>\n","protected":false},"author":2,"featured_media":0,"parent":0,"menu_order":0,"comment_status":"closed","ping_status":"open","template":"","meta":{"neve_meta_sidebar":"","neve_meta_container":"","neve_meta_enable_content_width":"","neve_meta_content_width":0,"neve_meta_title_alignment":"","neve_meta_author_avatar":"","neve_post_elements_order":"","neve_meta_disable_header":"","neve_meta_disable_footer":"","neve_meta_disable_title":""},"_links":{"self":[{"href":"https:\/\/idealnyrodzicnieistnieje.jdmsite.com\/de\/wp-json\/wp\/v2\/pages\/313"}],"collection":[{"href":"https:\/\/idealnyrodzicnieistnieje.jdmsite.com\/de\/wp-json\/wp\/v2\/pages"}],"about":[{"href":"https:\/\/idealnyrodzicnieistnieje.jdmsite.com\/de\/wp-json\/wp\/v2\/types\/page"}],"author":[{"embeddable":true,"href":"https:\/\/idealnyrodzicnieistnieje.jdmsite.com\/de\/wp-json\/wp\/v2\/users\/2"}],"replies":[{"embeddable":true,"href":"https:\/\/idealnyrodzicnieistnieje.jdmsite.com\/de\/wp-json\/wp\/v2\/comments?post=313"}],"version-history":[{"count":3,"href":"https:\/\/idealnyrodzicnieistnieje.jdmsite.com\/de\/wp-json\/wp\/v2\/pages\/313\/revisions"}],"predecessor-version":[{"id":368,"href":"https:\/\/idealnyrodzicnieistnieje.jdmsite.com\/de\/wp-json\/wp\/v2\/pages\/313\/revisions\/368"}],"wp:attachment":[{"href":"https:\/\/idealnyrodzicnieistnieje.jdmsite.com\/de\/wp-json\/wp\/v2\/media?parent=313"}],"curies":[{"name":"wp","href":"https:\/\/api.w.org\/{rel}","templated":true}]}}